{"id":1046,"date":"2023-11-03T07:55:58","date_gmt":"2023-11-03T07:55:58","guid":{"rendered":"https:\/\/lommoluuri.fi\/?page_id=1046"},"modified":"2023-11-21T12:41:57","modified_gmt":"2023-11-21T12:41:57","slug":"vastuullisuus","status":"publish","type":"page","link":"https:\/\/lommoluuri.fi\/?page_id=1046","title":{"rendered":"Vastuullisuus"},"content":{"rendered":"\t\t<div data-elementor-type=\"wp-page\" data-elementor-id=\"1046\" class=\"elementor elementor-1046\">\n\t\t\t\t\t\t\t\t\t<section class=\"elementor-section elementor-top-section elementor-element elementor-element-301bb8f elementor-section-boxed elementor-section-height-default elementor-section-height-default tf-sticky-section tf-sticky-no\" data-id=\"301bb8f\" data-element_type=\"section\" data-settings=\"{&quot;background_background&quot;:&quot;classic&quot;,&quot;tf_sticky&quot;:&quot;no&quot;}\">\n\t\t\t\t\t\t\t<div class=\"elementor-background-overlay\"><\/div>\n\t\t\t\t\t\t\t<div class=\"elementor-container elementor-column-gap-default\">\n\t\t\t\t\t<div class=\"elementor-column elementor-col-100 elementor-top-column elementor-element elementor-element-2151736\" data-id=\"2151736\" data-element_type=\"column\">\n\t\t\t<div class=\"elementor-widget-wrap elementor-element-populated\">\n\t\t\t\t\t\t\t\t<div class=\"elementor-element elementor-element-97c1110 elementor-widget__width-auto elementor-icon-list--layout-traditional elementor-list-item-link-full_width elementor-widget elementor-widget-icon-list\" data-id=\"97c1110\" data-element_type=\"widget\" data-widget_type=\"icon-list.default\">\n\t\t\t\t<div class=\"elementor-widget-container\">\n\t\t\t<link rel=\"stylesheet\" href=\"https:\/\/lommoluuri.fi\/wp-content\/plugins\/elementor\/assets\/css\/widget-icon-list.min.css\">\t\t<ul class=\"elementor-icon-list-items\">\n\t\t\t\t\t\t\t<li class=\"elementor-icon-list-item\">\n\t\t\t\t\t\t\t\t\t\t\t<a href=\"https:\/\/lommoluuri.fi\/\">\n\n\t\t\t\t\t\t\t\t\t\t\t<span class=\"elementor-icon-list-text\">Koti<\/span>\n\t\t\t\t\t\t\t\t\t\t\t<\/a>\n\t\t\t\t\t\t\t\t\t<\/li>\n\t\t\t\t\t\t<\/ul>\n\t\t\t\t<\/div>\n\t\t\t\t<\/div>\n\t\t\t\t<div class=\"elementor-element elementor-element-5bf17dd elementor-widget__width-auto elementor-widget elementor-widget-heading\" data-id=\"5bf17dd\" data-element_type=\"widget\" data-widget_type=\"heading.default\">\n\t\t\t\t<div class=\"elementor-widget-container\">\n\t\t\t<style>\/*! elementor - v3.17.0 - 08-11-2023 *\/\n.elementor-heading-title{padding:0;margin:0;line-height:1}.elementor-widget-heading .elementor-heading-title[class*=elementor-size-]>a{color:inherit;font-size:inherit;line-height:inherit}.elementor-widget-heading .elementor-heading-title.elementor-size-small{font-size:15px}.elementor-widget-heading .elementor-heading-title.elementor-size-medium{font-size:19px}.elementor-widget-heading .elementor-heading-title.elementor-size-large{font-size:29px}.elementor-widget-heading .elementor-heading-title.elementor-size-xl{font-size:39px}.elementor-widget-heading .elementor-heading-title.elementor-size-xxl{font-size:59px}<\/style><h6 class=\"elementor-heading-title elementor-size-default\">.<\/h6>\t\t<\/div>\n\t\t\t\t<\/div>\n\t\t\t\t<div class=\"elementor-element elementor-element-292785c elementor-widget__width-auto elementor-icon-list--layout-traditional elementor-list-item-link-full_width elementor-widget elementor-widget-icon-list\" data-id=\"292785c\" data-element_type=\"widget\" data-widget_type=\"icon-list.default\">\n\t\t\t\t<div class=\"elementor-widget-container\">\n\t\t\t\t\t<ul class=\"elementor-icon-list-items\">\n\t\t\t\t\t\t\t<li class=\"elementor-icon-list-item\">\n\t\t\t\t\t\t\t\t\t\t\t<a href=\"#\">\n\n\t\t\t\t\t\t\t\t\t\t\t<span class=\"elementor-icon-list-text\">Vastuullisuus<\/span>\n\t\t\t\t\t\t\t\t\t\t\t<\/a>\n\t\t\t\t\t\t\t\t\t<\/li>\n\t\t\t\t\t\t<\/ul>\n\t\t\t\t<\/div>\n\t\t\t\t<\/div>\n\t\t\t\t<div class=\"elementor-element elementor-element-4df0a67 elementor-widget elementor-widget-heading\" data-id=\"4df0a67\" data-element_type=\"widget\" data-widget_type=\"heading.default\">\n\t\t\t\t<div class=\"elementor-widget-container\">\n\t\t\t<h1 class=\"elementor-heading-title elementor-size-default\">Vastuullisuus<\/h1>\t\t<\/div>\n\t\t\t\t<\/div>\n\t\t\t\t\t<\/div>\n\t\t<\/div>\n\t\t\t\t\t\t\t<\/div>\n\t\t<\/section>\n\t\t<div class=\"elementor-element elementor-element-9373a91 e-flex e-con-boxed e-con e-parent\" data-id=\"9373a91\" data-element_type=\"container\" data-settings=\"{&quot;content_width&quot;:&quot;boxed&quot;}\" data-core-v316-plus=\"true\">\n\t\t\t\t\t<div class=\"e-con-inner\">\n\t\t<div class=\"elementor-element elementor-element-db2fe14 e-flex e-con-boxed e-con e-child\" data-id=\"db2fe14\" data-element_type=\"container\" data-settings=\"{&quot;content_width&quot;:&quot;boxed&quot;}\">\n\t\t\t\t\t<div class=\"e-con-inner\">\n\t\t\t\t<div class=\"elementor-element elementor-element-097678e elementor-view-default elementor-widget elementor-widget-icon\" data-id=\"097678e\" data-element_type=\"widget\" data-widget_type=\"icon.default\">\n\t\t\t\t<div class=\"elementor-widget-container\">\n\t\t\t\t\t<div class=\"elementor-icon-wrapper\">\n\t\t\t<div class=\"elementor-icon\">\n\t\t\t<i aria-hidden=\"true\" class=\"fas fa-circle\"><\/i>\t\t\t<\/div>\n\t\t<\/div>\n\t\t\t\t<\/div>\n\t\t\t\t<\/div>\n\t\t\t\t<div class=\"elementor-element elementor-element-6e42a72 elementor-widget elementor-widget-heading\" data-id=\"6e42a72\" data-element_type=\"widget\" data-widget_type=\"heading.default\">\n\t\t\t\t<div class=\"elementor-widget-container\">\n\t\t\t<h3 class=\"elementor-heading-title elementor-size-default\">Vastuullisuus<\/h3>\t\t<\/div>\n\t\t\t\t<\/div>\n\t\t\t\t<div class=\"elementor-element elementor-element-8e90420 elementor-widget elementor-widget-text-editor\" data-id=\"8e90420\" data-element_type=\"widget\" data-widget_type=\"text-editor.default\">\n\t\t\t\t<div class=\"elementor-widget-container\">\n\t\t\t<style>\/*! elementor - v3.17.0 - 08-11-2023 *\/\n.elementor-widget-text-editor.elementor-drop-cap-view-stacked .elementor-drop-cap{background-color:#69727d;color:#fff}.elementor-widget-text-editor.elementor-drop-cap-view-framed .elementor-drop-cap{color:#69727d;border:3px solid;background-color:transparent}.elementor-widget-text-editor:not(.elementor-drop-cap-view-default) .elementor-drop-cap{margin-top:8px}.elementor-widget-text-editor:not(.elementor-drop-cap-view-default) .elementor-drop-cap-letter{width:1em;height:1em}.elementor-widget-text-editor .elementor-drop-cap{float:left;text-align:center;line-height:1;font-size:50px}.elementor-widget-text-editor .elementor-drop-cap-letter{display:inline-block}<\/style>\t\t\t\t<p>Lommoluuri on vastuullisuuden edell\u00e4k\u00e4vij\u00e4. Rakennamme omalta osaltamme ymp\u00e4rist\u00f6yst\u00e4v\u00e4llist\u00e4 Savonlinnaa, toimimme yrityksen\u00e4 vastuullisesti ja huolehdimme ty\u00f6ntekij\u00f6ist\u00e4mme. Vastuullisuus on osa arjen normaalia toimintaa, konkreettisia toimenpiteit\u00e4 ja tekemist\u00e4.<\/p>\t\t\t\t\t\t<\/div>\n\t\t\t\t<\/div>\n\t\t\t\t\t<\/div>\n\t\t\t\t<\/div>\n\t\t<div class=\"elementor-element elementor-element-88a598e e-flex e-con-boxed e-con e-child\" data-id=\"88a598e\" data-element_type=\"container\" data-settings=\"{&quot;content_width&quot;:&quot;boxed&quot;}\">\n\t\t\t\t\t<div class=\"e-con-inner\">\n\t\t\t\t<div class=\"elementor-element elementor-element-f6c0b1e elementor-widget elementor-widget-text-editor\" data-id=\"f6c0b1e\" data-element_type=\"widget\" data-widget_type=\"text-editor.default\">\n\t\t\t\t<div class=\"elementor-widget-container\">\n\t\t\t\t\t\t\t<h4>Ymp\u00e4rist\u00f6vastuu<\/h4><p>Pakkaus- ja suojamateriaalien, sek\u00e4 muovien ja metallien erottelu sek\u00e4 kierr\u00e4tys aloitettiin jo vuonna 1999. Kaikki suojausmuovit ja vaihdetut rikkin\u00e4iset autojen muoviosat erotellaan sek\u00e4 toimitetaan energial\u00e4hteeksi. Kaikki lasi- ja metalliosat ker\u00e4t\u00e4\u00e4n, erotellaan lajeittain sek\u00e4 toimitetaan kierr\u00e4tykseen. Maaleissa on siirrytty ekologisiin vaihtoehtoihin, jotka my\u00f6s kuivuvat eritt\u00e4in nopeasti ja joista ei tule hajuhaittoja. Maalaus ja kuivatus ovat t\u00e4ysin automatisoituja.<\/p><h4>\u00a0<\/h4><h4>Henkil\u00f6st\u00f6vastuu<\/h4><p>Panostamme ty\u00f6ntekij\u00f6idemme viihtyvyyteen, huolehdimme ty\u00f6turvallisuudesta sek\u00e4 ty\u00f6ergonomiasta. Ty\u00f6tekij\u00e4mme ovat t\u00e4rkein osa yrityst\u00e4mme ja kehit\u00e4mme toimintaamme sek\u00e4 ty\u00f6ntekij\u00f6idemme osaamista ja hy\u00f6dynn\u00e4mme ty\u00f6t\u00e4 auttavaa uutta teknologiaa.<\/p><h4>Yhteiskuntavastuu<\/h4><p>Huolehdimme yhteiskunnallisista velvotteista kuten veroista, maksuista ja muista velvollisuuksista. Toimimme kest\u00e4v\u00e4n kehityksen periaatteiden mukaisesti, eettisesti oikein ja lakien mukaisesti.<\/p>\t\t\t\t\t\t<\/div>\n\t\t\t\t<\/div>\n\t\t\t\t\t<\/div>\n\t\t\t\t<\/div>\n\t\t\t\t\t<\/div>\n\t\t\t\t<\/div>\n\t\t\t\t\t\t\t<\/div>\n\t\t","protected":false},"excerpt":{"rendered":"<p>Koti . Vastuullisuus Vastuullisuus Vastuullisuus Lommoluuri on vastuullisuuden edell\u00e4k\u00e4vij\u00e4. Rakennamme omalta osaltamme ymp\u00e4rist\u00f6yst\u00e4v\u00e4llist\u00e4 Savonlinnaa, toimimme yrityksen\u00e4 vastuullisesti ja huolehdimme ty\u00f6ntekij\u00f6ist\u00e4mme. Vastuullisuus on osa arjen normaalia toimintaa, konkreettisia toimenpiteit\u00e4 ja tekemist\u00e4. Ymp\u00e4rist\u00f6vastuu Pakkaus- ja suojamateriaalien, sek\u00e4 muovien ja metallien erottelu sek\u00e4 kierr\u00e4tys aloitettiin jo vuonna 1999. Kaikki suojausmuovit ja vaihdetut rikkin\u00e4iset autojen muoviosat erotellaan sek\u00e4 toimitetaan [&hellip;]<\/p>\n","protected":false},"author":2,"featured_media":0,"parent":0,"menu_order":0,"comment_status":"closed","ping_status":"closed","template":"elementor_header_footer","meta":{"footnotes":""},"class_list":["post-1046","page","type-page","status-publish","hentry"],"yoast_head":"<!-- This site is optimized with the Yoast SEO plugin v27.5 - https:\/\/yoast.com\/product\/yoast-seo-wordpress\/ -->\n<title>Vastuullisuus - Kolarikorjaamo ja automaalaamo<\/title>\n<meta name=\"description\" content=\"Vastuullinen vauriokorjaamo Savonlinnassa. Olemme sitoutuneet ymp\u00e4rist\u00f6nsuojeluun, henkil\u00f6st\u00f6mme hyvinvointiin ja yhteiskuntavastuuseen.\" \/>\n<meta name=\"robots\" content=\"index, follow, max-snippet:-1, max-image-preview:large, max-video-preview:-1\" \/>\n<link rel=\"canonical\" href=\"https:\/\/lommoluuri.fi\/vastuullisuus\/\" \/>\n<meta property=\"og:locale\" content=\"fi_FI\" \/>\n<meta property=\"og:type\" content=\"article\" \/>\n<meta property=\"og:title\" content=\"Vastuullisuus - Kolarikorjaamo ja automaalaamo\" \/>\n<meta property=\"og:description\" content=\"Vastuullinen vauriokorjaamo Savonlinnassa. Olemme sitoutuneet ymp\u00e4rist\u00f6nsuojeluun, henkil\u00f6st\u00f6mme hyvinvointiin ja yhteiskuntavastuuseen.\" \/>\n<meta property=\"og:url\" content=\"https:\/\/lommoluuri.fi\/vastuullisuus\/\" \/>\n<meta property=\"og:site_name\" content=\"Kolarikorjaamo ja automaalaamo\" \/>\n<meta property=\"article:modified_time\" content=\"2023-11-21T12:41:57+00:00\" \/>\n<meta property=\"og:image\" content=\"https:\/\/lommoluuri.fi\/wp-content\/uploads\/2023\/11\/lommo.jpg\" \/>\n\t<meta property=\"og:image:width\" content=\"1200\" \/>\n\t<meta property=\"og:image:height\" content=\"675\" \/>\n\t<meta property=\"og:image:type\" content=\"image\/jpeg\" \/>\n<meta name=\"twitter:card\" content=\"summary_large_image\" \/>\n<meta name=\"twitter:label1\" content=\"Arvioitu lukuaika\" \/>\n\t<meta name=\"twitter:data1\" content=\"1 minuutti\" \/>\n<script type=\"application\/ld+json\" class=\"yoast-schema-graph\">{\"@context\":\"https:\\\/\\\/schema.org\",\"@graph\":[{\"@type\":\"WebPage\",\"@id\":\"https:\\\/\\\/lommoluuri.fi\\\/vastuullisuus\\\/\",\"url\":\"https:\\\/\\\/lommoluuri.fi\\\/vastuullisuus\\\/\",\"name\":\"Vastuullisuus - Kolarikorjaamo ja automaalaamo\",\"isPartOf\":{\"@id\":\"https:\\\/\\\/lommoluuri.fi\\\/#website\"},\"datePublished\":\"2023-11-03T07:55:58+00:00\",\"dateModified\":\"2023-11-21T12:41:57+00:00\",\"description\":\"Vastuullinen vauriokorjaamo Savonlinnassa. Olemme sitoutuneet ymp\u00e4rist\u00f6nsuojeluun, henkil\u00f6st\u00f6mme hyvinvointiin ja yhteiskuntavastuuseen.\",\"breadcrumb\":{\"@id\":\"https:\\\/\\\/lommoluuri.fi\\\/vastuullisuus\\\/#breadcrumb\"},\"inLanguage\":\"fi\",\"potentialAction\":[{\"@type\":\"ReadAction\",\"target\":[\"https:\\\/\\\/lommoluuri.fi\\\/vastuullisuus\\\/\"]}]},{\"@type\":\"BreadcrumbList\",\"@id\":\"https:\\\/\\\/lommoluuri.fi\\\/vastuullisuus\\\/#breadcrumb\",\"itemListElement\":[{\"@type\":\"ListItem\",\"position\":1,\"name\":\"Etusivu\",\"item\":\"https:\\\/\\\/lommoluuri.fi\\\/\"},{\"@type\":\"ListItem\",\"position\":2,\"name\":\"Vastuullisuus\"}]},{\"@type\":\"WebSite\",\"@id\":\"https:\\\/\\\/lommoluuri.fi\\\/#website\",\"url\":\"https:\\\/\\\/lommoluuri.fi\\\/\",\"name\":\"Kolarikorjaamo ja automaalaamo\",\"description\":\"Kolariauto kuntoon yhdell\u00e4 puhelinsoitolla\",\"publisher\":{\"@id\":\"https:\\\/\\\/lommoluuri.fi\\\/#organization\"},\"alternateName\":\"Kolarikorjaamo Lommoluuri.fi\",\"potentialAction\":[{\"@type\":\"SearchAction\",\"target\":{\"@type\":\"EntryPoint\",\"urlTemplate\":\"https:\\\/\\\/lommoluuri.fi\\\/?s={search_term_string}\"},\"query-input\":{\"@type\":\"PropertyValueSpecification\",\"valueRequired\":true,\"valueName\":\"search_term_string\"}}],\"inLanguage\":\"fi\"},{\"@type\":\"Organization\",\"@id\":\"https:\\\/\\\/lommoluuri.fi\\\/#organization\",\"name\":\"Autoehoste Kaskinen Oy\",\"alternateName\":\"Lommoluuri.fi\",\"url\":\"https:\\\/\\\/lommoluuri.fi\\\/\",\"logo\":{\"@type\":\"ImageObject\",\"inLanguage\":\"fi\",\"@id\":\"https:\\\/\\\/lommoluuri.fi\\\/#\\\/schema\\\/logo\\\/image\\\/\",\"url\":\"https:\\\/\\\/lommoluuri.fi\\\/wp-content\\\/uploads\\\/2023\\\/10\\\/cropped-Lommoluuri-logo-luuri.png\",\"contentUrl\":\"https:\\\/\\\/lommoluuri.fi\\\/wp-content\\\/uploads\\\/2023\\\/10\\\/cropped-Lommoluuri-logo-luuri.png\",\"width\":512,\"height\":512,\"caption\":\"Autoehoste Kaskinen Oy\"},\"image\":{\"@id\":\"https:\\\/\\\/lommoluuri.fi\\\/#\\\/schema\\\/logo\\\/image\\\/\"}}]}<\/script>\n<!-- \/ Yoast SEO plugin. -->","yoast_head_json":{"title":"Vastuullisuus - Kolarikorjaamo ja automaalaamo","description":"Vastuullinen vauriokorjaamo Savonlinnassa. Olemme sitoutuneet ymp\u00e4rist\u00f6nsuojeluun, henkil\u00f6st\u00f6mme hyvinvointiin ja yhteiskuntavastuuseen.","robots":{"index":"index","follow":"follow","max-snippet":"max-snippet:-1","max-image-preview":"max-image-preview:large","max-video-preview":"max-video-preview:-1"},"canonical":"https:\/\/lommoluuri.fi\/vastuullisuus\/","og_locale":"fi_FI","og_type":"article","og_title":"Vastuullisuus - Kolarikorjaamo ja automaalaamo","og_description":"Vastuullinen vauriokorjaamo Savonlinnassa. Olemme sitoutuneet ymp\u00e4rist\u00f6nsuojeluun, henkil\u00f6st\u00f6mme hyvinvointiin ja yhteiskuntavastuuseen.","og_url":"https:\/\/lommoluuri.fi\/vastuullisuus\/","og_site_name":"Kolarikorjaamo ja automaalaamo","article_modified_time":"2023-11-21T12:41:57+00:00","og_image":[{"width":1200,"height":675,"url":"https:\/\/lommoluuri.fi\/wp-content\/uploads\/2023\/11\/lommo.jpg","type":"image\/jpeg"}],"twitter_card":"summary_large_image","twitter_misc":{"Arvioitu lukuaika":"1 minuutti"},"schema":{"@context":"https:\/\/schema.org","@graph":[{"@type":"WebPage","@id":"https:\/\/lommoluuri.fi\/vastuullisuus\/","url":"https:\/\/lommoluuri.fi\/vastuullisuus\/","name":"Vastuullisuus - Kolarikorjaamo ja automaalaamo","isPartOf":{"@id":"https:\/\/lommoluuri.fi\/#website"},"datePublished":"2023-11-03T07:55:58+00:00","dateModified":"2023-11-21T12:41:57+00:00","description":"Vastuullinen vauriokorjaamo Savonlinnassa. Olemme sitoutuneet ymp\u00e4rist\u00f6nsuojeluun, henkil\u00f6st\u00f6mme hyvinvointiin ja yhteiskuntavastuuseen.","breadcrumb":{"@id":"https:\/\/lommoluuri.fi\/vastuullisuus\/#breadcrumb"},"inLanguage":"fi","potentialAction":[{"@type":"ReadAction","target":["https:\/\/lommoluuri.fi\/vastuullisuus\/"]}]},{"@type":"BreadcrumbList","@id":"https:\/\/lommoluuri.fi\/vastuullisuus\/#breadcrumb","itemListElement":[{"@type":"ListItem","position":1,"name":"Etusivu","item":"https:\/\/lommoluuri.fi\/"},{"@type":"ListItem","position":2,"name":"Vastuullisuus"}]},{"@type":"WebSite","@id":"https:\/\/lommoluuri.fi\/#website","url":"https:\/\/lommoluuri.fi\/","name":"Kolarikorjaamo ja automaalaamo","description":"Kolariauto kuntoon yhdell\u00e4 puhelinsoitolla","publisher":{"@id":"https:\/\/lommoluuri.fi\/#organization"},"alternateName":"Kolarikorjaamo Lommoluuri.fi","potentialAction":[{"@type":"SearchAction","target":{"@type":"EntryPoint","urlTemplate":"https:\/\/lommoluuri.fi\/?s={search_term_string}"},"query-input":{"@type":"PropertyValueSpecification","valueRequired":true,"valueName":"search_term_string"}}],"inLanguage":"fi"},{"@type":"Organization","@id":"https:\/\/lommoluuri.fi\/#organization","name":"Autoehoste Kaskinen Oy","alternateName":"Lommoluuri.fi","url":"https:\/\/lommoluuri.fi\/","logo":{"@type":"ImageObject","inLanguage":"fi","@id":"https:\/\/lommoluuri.fi\/#\/schema\/logo\/image\/","url":"https:\/\/lommoluuri.fi\/wp-content\/uploads\/2023\/10\/cropped-Lommoluuri-logo-luuri.png","contentUrl":"https:\/\/lommoluuri.fi\/wp-content\/uploads\/2023\/10\/cropped-Lommoluuri-logo-luuri.png","width":512,"height":512,"caption":"Autoehoste Kaskinen Oy"},"image":{"@id":"https:\/\/lommoluuri.fi\/#\/schema\/logo\/image\/"}}]}},"_links":{"self":[{"href":"https:\/\/lommoluuri.fi\/index.php?rest_route=\/wp\/v2\/pages\/1046","targetHints":{"allow":["GET"]}}],"collection":[{"href":"https:\/\/lommoluuri.fi\/index.php?rest_route=\/wp\/v2\/pages"}],"about":[{"href":"https:\/\/lommoluuri.fi\/index.php?rest_route=\/wp\/v2\/types\/page"}],"author":[{"embeddable":true,"href":"https:\/\/lommoluuri.fi\/index.php?rest_route=\/wp\/v2\/users\/2"}],"replies":[{"embeddable":true,"href":"https:\/\/lommoluuri.fi\/index.php?rest_route=%2Fwp%2Fv2%2Fcomments&post=1046"}],"version-history":[{"count":46,"href":"https:\/\/lommoluuri.fi\/index.php?rest_route=\/wp\/v2\/pages\/1046\/revisions"}],"predecessor-version":[{"id":1893,"href":"https:\/\/lommoluuri.fi\/index.php?rest_route=\/wp\/v2\/pages\/1046\/revisions\/1893"}],"wp:attachment":[{"href":"https:\/\/lommoluuri.fi\/index.php?rest_route=%2Fwp%2Fv2%2Fmedia&parent=1046"}],"curies":[{"name":"wp","href":"https:\/\/api.w.org\/{rel}","templated":true}]}}